{"id":1859,"date":"2021-04-30T23:23:12","date_gmt":"2021-04-30T22:23:12","guid":{"rendered":"http:\/\/cardiologietanger.com\/?page_id=1859"},"modified":"2021-04-30T23:41:39","modified_gmt":"2021-04-30T22:41:39","slug":"holter-ecg","status":"publish","type":"page","link":"http:\/\/cardiologietanger.com\/ar\/holter-ecg\/","title":{"rendered":""},"content":{"rendered":"<div data-elementor-type=\"wp-page\" data-elementor-id=\"1859\" class=\"elementor elementor-1859\" data-elementor-settings=\"[]\">\n\t\t\t\t\t\t\t<div class=\"elementor-section-wrap\">\n\t\t\t\t\t\t\t<section class=\"elementor-section elementor-top-section elementor-element elementor-element-4ff2ea7e elementor-section-boxed elementor-section-height-default elementor-section-height-default\" data-id=\"4ff2ea7e\" data-element_type=\"section\">\n\t\t\t\t\t\t<div class=\"elementor-container elementor-column-gap-default\">\n\t\t\t\t\t<div class=\"elementor-column elementor-col-100 elementor-top-column elementor-element elementor-element-514561d4\" data-id=\"514561d4\" data-element_type=\"column\">\n\t\t\t<div class=\"elementor-widget-wrap elementor-element-populated\">\n\t\t\t\t\t\t\t\t<div class=\"elementor-element elementor-element-7f3c76f elementor-widget elementor-widget-heading\" data-id=\"7f3c76f\" data-element_type=\"widget\" data-widget_type=\"heading.default\">\n\t\t\t\t<div class=\"elementor-widget-container\">\n\t\t\t<h2 class=\"elementor-heading-title elementor-size-default\">\u062a\u062e\u0637\u064a\u0637 \u0627\u0644\u0642\u0644\u0628 \u0627\u0644\u0645\u0637\u0648\u0644<\/h2>\t\t<\/div>\n\t\t\t\t<\/div>\n\t\t\t\t<div class=\"elementor-element elementor-element-38e008d9 elementor-widget elementor-widget-text-editor\" data-id=\"38e008d9\" data-element_type=\"widget\" data-widget_type=\"text-editor.default\">\n\t\t\t\t<div class=\"elementor-widget-container\">\n\t\t\t\t\t<div class=\"elementor-text-editor elementor-clearfix\"><!-- wp:paragraph -->\n<p><strong>Qu&rsquo;est-ce que l\u2019Holter ECG&nbsp;?<\/strong><strong><\/strong><\/p>\n<!-- \/wp:paragraph -->\n\n<!-- wp:paragraph -->\n<p class=\" translation-block\">\u0647\u0648 \u062c\u0647\u0627\u0632 \u062a\u062e\u0637\u064a\u0637 \u0627\u0644\u0642\u0644\u0628 \u0645\u0635\u063a\u0631 \u0648 \u0645\u062d\u0645\u0648\u0644\u060c \u064a\u0645\u0643\u0646 \u0645\u0646 \u062a\u0633\u062c\u064a\u0644 \u0627\u0644\u0646\u0634\u0627\u0637 \u0627\u0644\u0643\u0647\u0631\u0628\u0627\u0626\u064a \u0644\u0642\u0644\u0628\u0643 \u0644\u0641\u062a\u0631\u0629 \u0637\u0648\u064a\u0644\u0629 \u0644\u0627 \u062a\u0642\u0644 \u0639\u0646 24 \u0633\u0627\u0639\u0629. \u064a\u0645\u0643\u0646\u0643 \u062d\u0645\u0644\u0647 \u0645\u0639\u0643 \u0623\u062b\u0646\u0627\u0621 \u0627\u0644\u0642\u064a\u0627\u0645 \u0628\u0623\u0646\u0634\u0637\u062a\u0643 \u0627\u0644\u064a\u0648\u0645\u064a\u0629 \u0627\u0644\u0639\u0627\u062f\u064a\u0629<\/p>\n<!-- \/wp:paragraph -->\n\n<!-- wp:paragraph -->\n<p><strong>\u0644\u0645\u0627\u0630\u0627 \u0627\u0633\u062a\u062e\u062f\u0627\u0645 \u062a\u062e\u0637\u064a\u0637 \u0627\u0644\u0642\u0644\u0628 \u0627\u0644\u0645\u0637\u0648\u0644 \u061f<\/strong><strong><\/strong><\/p>\n<!-- \/wp:paragraph -->\n\n<!-- wp:paragraph -->\n<p>\u062a\u062e\u0637\u064a\u0637 \u0627\u0644\u0642\u0644\u0628 \u0627\u0644\u0630\u064a \u064a\u062c\u0631\u0649 \u0641\u064a \u0627\u0644\u0639\u064a\u0627\u062f\u0629 \u064a\u0633\u062c\u0644 \u0641\u0642\u0637 \u0645\u0639\u062f\u0644 \u0636\u0631\u0628\u0627\u062a \u0627\u0644\u0642\u0644\u0628 \u0644\u0628\u0636\u0639 \u062b\u0648\u0627\u0646. \u0648 \u0644\u0627 \u064a\u0643\u062a\u0634\u0641 \u0645\u0634\u0627\u0643\u0644 \u0627\u0644\u0642\u0644\u0628 \u0627\u0644\u062a\u064a \u0644\u0627 \u062a\u062d\u062f\u062b \u0623\u062b\u0646\u0627\u0621 \u0627\u0644\u0627\u062e\u062a\u0628\u0627\u0631.<\/p>\n<!-- \/wp:paragraph -->\n\n<!-- wp:paragraph -->\n<p>Or, certaines personnes ont des probl\u00e8mes cardiaques qui ne surviennent que pendant certaines activit\u00e9s, comme le sommeil, l&rsquo;effort physique ou l\u2019alimentation. L&rsquo;utilisation d&rsquo;un Holter ou d&rsquo;un moniteur d&rsquo;\u00e9v\u00e9nements augmente les chances d&rsquo;enregistrer et diagnostique ces probl\u00e8mes intermittents non d\u00e9tectables \u00e0 l\u2019ECG standard. Le&nbsp;holter est plus complet qu\u2019un simple \u00e9lectrocardiogramme car il dure 24h et se d\u00e9roule dans un cadre de vie normale que vous soyez en activit\u00e9 ou que vous vous reposiez.&nbsp;<\/p>\n<!-- \/wp:paragraph -->\n\n<!-- wp:paragraph -->\n<p>&nbsp;&nbsp;&nbsp;&nbsp;&nbsp;&nbsp;&nbsp;&nbsp;&nbsp;&nbsp;&nbsp; \u0642\u062f \u064a\u0631\u063a\u0628 \u0637\u0628\u064a\u0628 \u0627\u0644\u0642\u0644\u0628 \u0641\u064a \u0645\u0631\u0627\u0642\u0628\u0629 \u0627\u0644\u0646\u0634\u0627\u0637 \u0627\u0644\u0643\u0647\u0631\u0628\u0627\u0626\u064a \u0644\u0642\u0644\u0628\u0643 \u0644\u0641\u062a\u0631\u0629 \u0632\u0645\u0646\u064a\u0629 \u0623\u0637\u0648\u0644 \u0644\u0644\u0645\u0633\u0627\u0639\u062f\u0629 \u0641\u064a \u062a\u0634\u062e\u064a\u0635 \u0623\u0648 \u062a\u0648\u062c\u064a\u0647 \u0627\u0644\u0639\u0644\u0627\u062c. \u064a\u0645\u0643\u0646 \u0627\u0633\u062a\u062e\u062f\u0627\u0645 \u0627\u0644\u062a\u0633\u062c\u064a\u0644 \u0627\u0644\u0645\u0637\u0648\u0644<\/p>\n<!-- \/wp:paragraph -->\n\n<!-- wp:list -->\n<ul><li>\u0639\u0646\u062f\u0645\u0627 \u062a\u0643\u0648\u0646 \u0623\u0639\u0631\u0627\u0636 \u0627\u0644\u0642\u0644\u0628 \u0646\u0627\u062f\u0631\u0629 \u0648\u0644\u0627 \u062a\u062d\u062f\u062b \u0623\u062b\u0646\u0627\u0621 \u062a\u062e\u0637\u064a\u0637 \u0643\u0647\u0631\u0628\u064a\u0629 \u0627\u0644\u0642\u0644\u0628 \u0641\u064a \u0627\u0644\u0639\u064a\u0627\u062f\u0629.<\/li><li>Pour d\u00e9terminer la cause d&rsquo;un rythme cardiaque rapide, fort ou irr\u00e9gulier (palpitations)<\/li><li>Pour d\u00e9terminer la cause de l&rsquo;\u00e9vanouissement ou de l&rsquo;effondrement (syncope<\/li><li class=\" translation-block\">\u062a\u062d\u062f\u064a\u062f \u0627\u0644\u0627\u0636\u0637\u0631\u0627\u0628\u0627\u062a \u0627\u0644\u0643\u0647\u0631\u0628\u0627\u0626\u064a\u0629 \u0641\u064a \u0627\u0644\u0645\u0631\u0636\u0649 \u0627\u0644\u0645\u0639\u0631\u0636\u064a\u0646 \u0644\u062e\u0637\u0631 \u0627\u0644\u0645\u0648\u062a \u0627\u0644\u0642\u0644\u0628\u064a \u0627\u0644\u0645\u0641\u0627\u062c\u0626<\/li><li>Identifier la fibrillation auriculaire asymptomatique comme source d&rsquo;accident vasculaire c\u00e9r\u00e9bral<\/li><li class=\" translation-block\">\u062a\u0642\u064a\u064a\u0645 \u0627\u0644\u0642\u0644\u0628 \u0628\u0639\u062f \u0646\u0648\u0628\u0629 \u0642\u0644\u0628\u064a\u0629<\/li><li class=\" translation-block\">\u0639\u0646\u062f \u062a\u062a\u0628\u0639 \u0641\u0639\u0627\u0644\u064a\u0629 \u0627\u0644\u0623\u062f\u0648\u064a\u0629  \u0641\u064a \u0627\u0644\u0631\u062c\u0641\u0627\u0646 \u0627\u0644\u0623\u0630\u064a\u0646\u064a<\/li><\/ul>\n<!-- \/wp:list -->\n\n<!-- wp:paragraph -->\n<p><strong>\u0643\u064a\u0641 \u064a\u062a\u0645 \u062a\u062e\u0637\u064a\u0637 \u0627\u0644\u0642\u0644\u0628 \u0627\u0644\u0645\u0637\u0648\u0644 \u061f<\/strong><\/p>\n<!-- \/wp:paragraph -->\n\n<!-- wp:paragraph -->\n<p>Lorsque la surveillance du rythme ambulatoire est prescrite, <a>Vous serez \u00e9quip\u00e9 d&rsquo;un appareil d&rsquo;Holter ECG au cabinet<\/a>. Vous allez le porter sur vous toute la dur\u00e9e du test qui varie entre 24 et 72 heures. L\u2019examen comprend 2 rendez-vous de 10 minutes au cours desquels le m\u00e9decin ou son assistante proc\u00e8de \u00e0 la pose et au retrait de l\u2019appareil enregistreur.<\/p>\n<!-- \/wp:paragraph -->\n\n<!-- wp:paragraph -->\n<p>\u0641\u064a \u0627\u0644\u064a\u0648\u0645 \u0627\u0644\u0630\u064a \u064a\u062a\u0645 \u0641\u064a\u0647 \u062a\u062b\u0628\u064a\u062a \u0627\u0644\u062c\u0647\u0627\u0632\u060c \u064a\u0631\u062c\u0649 \u0627\u0631\u062a\u062f\u0627\u0621 \u0645\u0644\u0627\u0628\u0633 \u0644\u0627 \u062a\u0643\u0634\u0641 \u0623\u0639\u0644\u0649 \u0627\u0644\u0635\u062f\u0631 (\u0643\u064a \u0644\u0627 \u062a\u0643\u0648\u0646 \u0627\u0644\u0623\u0642\u0637\u0627\u0628 \u0627\u0644\u0643\u0647\u0631\u0628\u0627\u0626\u064a\u0629 \u0645\u0631\u0626\u064a\u0629) \u0648\u0645\u0644\u0627\u0628\u0633 \u062f\u0627\u062e\u0644\u064a\u0629 \u0636\u064a\u0642\u0629 \u064a\u0641\u0636\u0644 \u0623\u0646 \u062a\u0643\u0648\u0646 \u0641\u064a \u0627\u0644\u0642\u0637\u0646. \u0633\u064a\u062a\u0645  \u0625\u0644\u0635\u0627\u0642 \u0623\u0642\u0637\u0627\u0628 \u0643\u0647\u0631\u0628\u0627\u0626\u064a\u0629 \u0639\u0644\u0649 \u0635\u062f\u0631\u0643  \u0628\u0634\u0643\u0644\u064d \u062f\u0642\u064a\u0642. \u0633\u064a\u062a\u0645 \u062a\u0648\u0635\u064a\u0644 \u0627\u0644\u062c\u0647\u0627\u0632 \u0628\u062d\u0642\u064a\u0628\u0629 \u0635\u063a\u064a\u0631\u0629<\/p>\n<!-- \/wp:paragraph -->\n\n<!-- wp:heading {\"level\":3} -->\n<h3>Pour un&nbsp;enregistrement&nbsp;de bonne qualit\u00e9 :&nbsp;<\/h3>\n<!-- \/wp:heading -->\n\n<!-- wp:list -->\n<ul><li>\u0627\u062d\u062a\u0641\u0638 \u0628\u0627\u0644\u0647\u0648\u0627\u062a\u0641 \u0627\u0644\u0645\u062d\u0645\u0648\u0644\u0629 \/ \u0627\u0644\u0623\u062c\u0647\u0632\u0629 \u0627\u0644\u0644\u0648\u062d\u064a\u0629 \/ \u0645\u0644\u0641\u0627\u062a MP3 \/ \u0623\u062c\u0647\u0632\u0629 \u0627\u0644\u0643\u0645\u0628\u064a\u0648\u062a\u0631 \u0628\u0639\u064a\u062f\u064b\u0627 \u0639\u0646 \u0627\u0644\u0645\u064f\u0633\u062c\u0644<\/li><li>\u062a\u062c\u0646\u0628 \u0627\u0631\u062a\u062f\u0627\u0621 \u0627\u0644\u0645\u062c\u0648\u0647\u0631\u0627\u062a \u062d\u0648\u0644 \u0639\u0646\u0642\u0643<\/li><li>\u0625\u0630\u0627 \u0643\u0646\u062a \u062a\u0631\u063a\u0628 \u0641\u064a \u0645\u0645\u0627\u0631\u0633\u0629 \u0631\u064a\u0627\u0636\u062a\u0643 \u0627\u0644\u0645\u0639\u062a\u0627\u062f\u0629\u060c \u064a\u0631\u062c\u0649 \u0637\u0644\u0628 \u0623\u0642\u0637\u0627\u0628 \u0643\u0647\u0631\u0628\u0627\u0626\u064a\u0629 \u0628\u062f\u064a\u0644\u0629<\/li><li>Si une \u00e9lectrode ou un c\u00e2ble se d\u00e9tache, remettez-les&nbsp;le plus vite possible<\/li><li>Evitez&nbsp;dans&nbsp;la&nbsp;mesure&nbsp;du&nbsp;possible&nbsp;de&nbsp;vous&nbsp;gratter<\/li><li>\u0627\u0644\u0627\u0633\u062a\u062d\u0645\u0627\u0645 \u0645\u0645\u0646\u0648\u0639<\/li><\/ul>\n<!-- \/wp:list -->\n\n<!-- wp:paragraph -->\n<p>\u064a\u062a\u0645 \u0627\u0644\u062a\u0633\u062c\u064a\u0644 \u062a\u0644\u0642\u0627\u0626\u064a\u0627 \u0648\u0644\u0627 \u064a\u062a\u0637\u0644\u0628 \u0623\u064a \u062a\u062f\u062e\u0644 \u062e\u0627\u0631\u062c\u064a. \u0641\u064a \u062d\u0627\u0644\u0629 \u0638\u0647\u0648\u0631 \u0623\u0639\u0631\u0627\u0636 \u0643\u0627\u0644\u0623\u0644\u0645 \u0623\u0648 \u062e\u0641\u0642\u0627\u0646 \u0641\u064a \u0622\u0644\u0642\u0644\u0628\u060c \u064a\u0645\u0643\u0646\u0643 \u0627\u0633\u062a\u062e\u062f\u0627\u0645 \u0632\u0631 \u0627\u0644\u0633\u064a\u0637\u0631\u0629 \u0639\u0644\u0649 \u0627\u0644\u062c\u0647\u0627\u0632 \u0645\u0646 \u062a\u062d\u062f\u064a\u062f \u0648\u0642\u062a \u062d\u062f\u0648\u062b\u0647\u0627 \u0628\u062a\u062f\u0642\u064a\u0642 . \u0628\u0627\u0644\u0625\u0636\u0627\u0641\u0629 \u0625\u0644\u0649 \u0630\u0644\u0643\u060c \u0633\u064a\u0637\u0644\u0628 \u0645\u0646\u0643 \u062a\u062f\u0648\u064a\u0646 \u0627\u0644\u0623\u0646\u0634\u0637\u0629 \u0627\u0644\u0645\u062e\u062a\u0644\u0641\u0629 \u0627\u0644\u062a\u064a \u062a\u0642\u0648\u0645 \u0628\u0647\u0627 \u062e\u0644\u0627\u0644 24 \u0633\u0627\u0639\u0629 \u0639\u0644\u0649 \u062f\u0641\u062a\u0631 \u0645\u0644\u0627\u062d\u0638\u0627\u062a<\/p>\n<!-- \/wp:paragraph -->\n\n<!-- wp:paragraph -->\n<p>Notre personnel vous dira \u00e0 quelle date et heure rapporter l\u2019appareil. Pr\u00e9sentez-vous au secr\u00e9tariat d\u00e8s votre arriv\u00e9e. Le d\u00e9lai d\u2019attente est tr\u00e8s court (environ 10 min.), sauf si vous devez attendre les r\u00e9sultats et voir le cardiologue.&nbsp;Dans ce cas-ci, vous devez pr\u00e9voir&nbsp;que le temps de lecture dure environ 45 min.<\/p>\n<!-- \/wp:paragraph --><\/div>\n\t\t\t\t<\/div>\n\t\t\t\t<\/div>\n\t\t\t\t\t<\/div>\n\t\t<\/div>\n\t\t\t\t\t\t\t<\/div>\n\t\t<\/section>\n\t\t\t\t\t\t<\/div>\n\t\t\t\t\t<\/div>","protected":false},"excerpt":{"rendered":"<p>Holter ECG Qu&rsquo;est-ce que l\u2019Holter ECG&nbsp;? C\u2019est un petit appareil d&rsquo;\u00e9lectrocardiogramme (ECG) portable qui enregistre l&rsquo;activit\u00e9 \u00e9lectrique de votre c\u0153ur pendant une p\u00e9riode prolong\u00e9e d\u2019au moins 24h. Vous pouvez le porter sur vous pendant que vous faites vos activit\u00e9s quotidiennes normales. Cela permet au moniteur d&rsquo;enregistrer votre c\u0153ur plus longtemps qu&rsquo;un ECG normal. Pourquoi r\u00e9aliser &hellip;<\/p>\n<p class=\"read-more\"> <a class=\"\" href=\"http:\/\/cardiologietanger.com\/ar\/holter-ecg\/\">  Read More &raquo;<\/a><\/p>","protected":false},"author":1,"featured_media":0,"parent":0,"menu_order":0,"comment_status":"closed","ping_status":"closed","template":"","meta":[],"_links":{"self":[{"href":"http:\/\/cardiologietanger.com\/ar\/wp-json\/wp\/v2\/pages\/1859"}],"collection":[{"href":"http:\/\/cardiologietanger.com\/ar\/wp-json\/wp\/v2\/pages"}],"about":[{"href":"http:\/\/cardiologietanger.com\/ar\/wp-json\/wp\/v2\/types\/page"}],"author":[{"embeddable":true,"href":"http:\/\/cardiologietanger.com\/ar\/wp-json\/wp\/v2\/users\/1"}],"replies":[{"embeddable":true,"href":"http:\/\/cardiologietanger.com\/ar\/wp-json\/wp\/v2\/comments?post=1859"}],"version-history":[{"count":6,"href":"http:\/\/cardiologietanger.com\/ar\/wp-json\/wp\/v2\/pages\/1859\/revisions"}],"predecessor-version":[{"id":1884,"href":"http:\/\/cardiologietanger.com\/ar\/wp-json\/wp\/v2\/pages\/1859\/revisions\/1884"}],"wp:attachment":[{"href":"http:\/\/cardiologietanger.com\/ar\/wp-json\/wp\/v2\/media?parent=1859"}],"curies":[{"name":"wp","href":"https:\/\/api.w.org\/{rel}","templated":true}]}}