{"id":10,"date":"2018-11-26T12:47:06","date_gmt":"2018-11-26T11:47:06","guid":{"rendered":"http:\/\/cardiologietanger.com\/contact\/"},"modified":"2021-05-09T01:15:07","modified_gmt":"2021-05-09T00:15:07","slug":"contact","status":"publish","type":"page","link":"https:\/\/cardiologietanger.com\/ar\/contact\/","title":{"rendered":"\u0627\u0644\u0625\u062a\u0635\u0627\u0644"},"content":{"rendered":"<div data-elementor-type=\"wp-post\" data-elementor-id=\"10\" class=\"elementor elementor-10\" data-elementor-settings=\"[]\">\n\t\t\t\t\t\t\t<div class=\"elementor-section-wrap\">\n\t\t\t\t\t\t\t<section class=\"elementor-section elementor-top-section elementor-element elementor-element-797db47 elementor-section-content-middle elementor-section-boxed elementor-section-height-default elementor-section-height-default\" data-id=\"797db47\" data-element_type=\"section\" data-settings=\"{&quot;background_background&quot;:&quot;classic&quot;}\">\n\t\t\t\t\t\t\t<div class=\"elementor-background-overlay\"><\/div>\n\t\t\t\t\t\t\t<div class=\"elementor-container elementor-column-gap-no\">\n\t\t\t\t\t<div class=\"elementor-column elementor-col-100 elementor-top-column elementor-element elementor-element-b15b336\" data-id=\"b15b336\" data-element_type=\"column\">\n\t\t\t<div class=\"elementor-widget-wrap elementor-element-populated\">\n\t\t\t\t\t\t\t\t<div class=\"elementor-element elementor-element-ea3c554 elementor-widget elementor-widget-heading\" data-id=\"ea3c554\" data-element_type=\"widget\" data-widget_type=\"heading.default\">\n\t\t\t\t<div class=\"elementor-widget-container\">\n\t\t\t<h1 class=\"elementor-heading-title elementor-size-xl\">\u0627\u0644\u0625\u062a\u0635\u0627\u0644<\/h1>\t\t<\/div>\n\t\t\t\t<\/div>\n\t\t\t\t\t<\/div>\n\t\t<\/div>\n\t\t\t\t\t\t\t<\/div>\n\t\t<\/section>\n\t\t\t\t<section class=\"elementor-section elementor-top-section elementor-element elementor-element-70d8105 elementor-section-full_width elementor-section-height-default elementor-section-height-default\" data-id=\"70d8105\" data-element_type=\"section\" data-settings=\"{&quot;background_background&quot;:&quot;classic&quot;}\">\n\t\t\t\t\t\t\t<div class=\"elementor-background-overlay\"><\/div>\n\t\t\t\t\t\t\t<div class=\"elementor-container elementor-column-gap-no\">\n\t\t\t\t\t<div class=\"elementor-column elementor-col-100 elementor-top-column elementor-element elementor-element-8731621\" data-id=\"8731621\" data-element_type=\"column\">\n\t\t\t<div class=\"elementor-widget-wrap elementor-element-populated\">\n\t\t\t\t\t\t\t\t<div class=\"elementor-element elementor-element-0320c04 elementor-widget elementor-widget-google_maps\" data-id=\"0320c04\" data-element_type=\"widget\" data-widget_type=\"google_maps.default\">\n\t\t\t\t<div class=\"elementor-widget-container\">\n\t\t\t<div class=\"elementor-custom-embed\"><iframe frameborder=\"0\" scrolling=\"no\" marginheight=\"0\" marginwidth=\"0\" src=\"https:\/\/maps.google.com\/maps?q=amin%20ahminedache&amp;t=m&amp;z=18&amp;output=embed&amp;iwloc=near\" title=\"amin ahminedache\" aria-label=\"amin ahminedache\"><\/iframe><\/div>\t\t<\/div>\n\t\t\t\t<\/div>\n\t\t\t\t<section class=\"elementor-section elementor-inner-section elementor-element elementor-element-9bf8098 elementor-section-height-min-height elementor-section-boxed elementor-section-height-default\" data-id=\"9bf8098\" data-element_type=\"section\" data-settings=\"{&quot;background_background&quot;:&quot;classic&quot;}\">\n\t\t\t\t\t\t<div class=\"elementor-container elementor-column-gap-default\">\n\t\t\t\t\t<div class=\"elementor-column elementor-col-50 elementor-inner-column elementor-element elementor-element-b0412b8\" data-id=\"b0412b8\" data-element_type=\"column\">\n\t\t\t<div class=\"elementor-widget-wrap elementor-element-populated\">\n\t\t\t\t\t\t\t\t<div class=\"elementor-element elementor-element-1c76645 elementor-widget__width-initial elementor-widget elementor-widget-text-editor\" data-id=\"1c76645\" data-element_type=\"widget\" data-widget_type=\"text-editor.default\">\n\t\t\t\t<div class=\"elementor-widget-container\">\n\t\t\t\t\t<div class=\"elementor-text-editor elementor-clearfix\"><div class=\"jn8vp64t l9j0dhe7 hpfvmrgz\"><div class=\"lzcic4wl\" tabindex=\"0\" role=\"gridcell\" data-scope=\"messages_table\" data-recover=\"true\"><div class=\"ni8dbmo4 stjgntxs g5ia77u1 ii04i59q j83agx80 cbu4d94t ll8tlv6m\" data-testid=\"messenger_incoming_text_row\"><div class=\"l60d2q6s d1544ag0 sj5x9vvc tw6a2znq l9j0dhe7 ni8dbmo4 stjgntxs qlfml3jp inkptoze e72ty7fz qttc61fc jm1wdb64 qv66sw1b ljqsnud1 g6srhlxm odn2s2vf\"><div class=\"oo9gr5id\" dir=\"auto\" style=\"text-align: center;\"><strong>\u0627\u0644\u0639\u0646\u0648\u0627\u0646<\/strong><br \/>45 \u0634\u0627\u0631\u0639 \u0645\u062d\u0645\u062f \u0627\u0644\u062e\u0627\u0645\u0633 \u060c \u0631\u0642\u0645 4 \u060c \u0627\u0644\u0637\u0627\u0628\u0642 \u0627\u0644\u0623\u0648\u0644.<\/div><div class=\"oo9gr5id\" dir=\"auto\" style=\"text-align: center;\">90.000 \u0637\u0646\u062c\u0629.<br \/>(\u0623\u0645\u0627\u0645 \u0628\u0646\u0643 \u0627\u0644\u0645\u063a\u0631\u0628)<\/div><\/div><\/div><\/div><\/div><\/div>\n\t\t\t\t<\/div>\n\t\t\t\t<\/div>\n\t\t\t\t<div class=\"elementor-element elementor-element-9697f0b elementor-widget__width-initial elementor-widget elementor-widget-text-editor\" data-id=\"9697f0b\" data-element_type=\"widget\" data-widget_type=\"text-editor.default\">\n\t\t\t\t<div class=\"elementor-widget-container\">\n\t\t\t\t\t<div class=\"elementor-text-editor elementor-clearfix\"><p style=\"text-align: center;\"><span class=\"tojvnm2t a6sixzi8 abs2jz4q a8s20v7p t1p8iaqh k5wvi7nf q3lfd5jv pk4s997a bipmatt0 cebpdrjk qowsmv63 owwhemhu dp1hu0rb dhp61c6y iyyx5f41\"> \u0646\u062d\u0646 \u0645\u0648\u062c\u0648\u062f\u0648\u0646 \u0641\u064a \u0645\u0643\u0627\u0646 \u0645\u062b\u0627\u0644\u064a \u0641\u064a \u0634\u0627\u0631\u0639 \u0645\u062d\u0645\u062f \u0627\u0644\u062e\u0627\u0645\u0633 \u060c \u0641\u064a \u0627\u0644\u0645\u0628\u0646\u0649 45 \u0623\u0645\u0627\u0645 \u0628\u0646\u0643 \u0627\u0644\u0645\u063a\u0631\u0628 \u0648\u0645\u062a\u062c\u0631 \u0645\u0631\u0648\u0649. \u0627\u0644\u0645\u062f\u062e\u0644 \u064a\u0642\u0639 \u0628\u064a\u0646 \u0645\u0642\u0647\u0649 \u0627\u0644\u0646\u0631\u062c\u0633 \u0648\u0645\u0637\u0639\u0645 \u0637\u0627\u0631\u0642 \u0634\u0627\u0645. \u0628\u0627\u0644\u0633\u064a\u0627\u0631\u0629 \u060c \u064a\u0645\u0643\u0646\u0643 \u0627\u0644\u062a\u0648\u0642\u0641 \u0639\u0646\u062f \u0645\u062f\u062e\u0644 \u0627\u0644\u0645\u0628\u0646\u0649 \u0644\u0625\u0646\u0632\u0627\u0644 \u0627\u0644\u0645\u0631\u064a\u0636. \u062a\u062a\u0648\u0641\u0631 \u0639\u062f\u0629 \u0623\u0645\u0627\u0643\u0646 \u0644\u0648\u0642\u0648\u0641 \u0627\u0644\u0633\u064a\u0627\u0631\u0627\u062a \u0641\u064a \u0627\u0644\u0634\u0648\u0627\u0631\u0639 \u0627\u0644\u0645\u062c\u0627\u0648\u0631\u0629 \u0644\u0646\u0627. \u064a\u0642\u0639 \u0645\u0648\u0642\u0641 \u0627\u0644\u0633\u064a\u0627\u0631\u0627\u062a \u0627\u0644\u062a\u062d\u062a \u0623\u0631\u0636\u064a \u0641\u064a \u0633\u0627\u062d\u0629 \u0627\u0644\u0623\u0645\u0645 \u0639\u0644\u0649 \u0628\u0639\u062f3 \u062f\u0642\u0627\u0626\u0642 \u0633\u064a\u0631\u0627 \u0639\u0644\u0649 \u0627\u0644\u0623\u0642\u062f\u0627\u0645 \u0645\u0646 \u0627\u0644\u0639\u064a\u0627\u062f\u0629<\/span><\/p><div>\u00a0<\/div><div>\u00a0<\/div><\/div>\n\t\t\t\t<\/div>\n\t\t\t\t<\/div>\n\t\t\t\t<div class=\"elementor-element elementor-element-4fcf4ac elementor-icon-list--layout-traditional elementor-list-item-link-full_width elementor-widget elementor-widget-icon-list\" data-id=\"4fcf4ac\" data-element_type=\"widget\" data-widget_type=\"icon-list.default\">\n\t\t\t\t<div class=\"elementor-widget-container\">\n\t\t\t\t\t<ul class=\"elementor-icon-list-items\">\n\t\t\t\t\t\t\t<li class=\"elementor-icon-list-item\">\n\t\t\t\t\t<a href=\"tel:%20+212539940059\">\t\t\t\t\t\t<span class=\"elementor-icon-list-icon\">\n\t\t\t\t\t\t\t<i aria-hidden=\"true\" class=\"fas fa-phone\"><\/i>\t\t\t\t\t\t<\/span>\n\t\t\t\t\t\t\t\t\t\t<span class=\"elementor-icon-list-text\">05 39 94 00 59<\/span>\n\t\t\t\t\t\t\t\t\t\t\t<\/a>\n\t\t\t\t\t\t\t\t\t<\/li>\n\t\t\t\t\t\t\t\t<li class=\"elementor-icon-list-item\">\n\t\t\t\t\t<a href=\"tel:%20+212660658989\">\t\t\t\t\t\t<span class=\"elementor-icon-list-icon\">\n\t\t\t\t\t\t\t<i aria-hidden=\"true\" class=\"fas fa-phone\"><\/i>\t\t\t\t\t\t<\/span>\n\t\t\t\t\t\t\t\t\t\t<span class=\"elementor-icon-list-text\">06 60 65 89 89 \u0641\u064a \u0627\u0644\u062d\u0627\u0644\u0627\u062a \u0627\u0644\u0645\u0633\u062a\u0639\u062c\u0644\u0629 \u062e\u0627\u0631\u062c \u0623\u0648\u0639\u0627\u062a \u0627\u0644\u0639\u0645\u0644<\/span>\n\t\t\t\t\t\t\t\t\t\t\t<\/a>\n\t\t\t\t\t\t\t\t\t<\/li>\n\t\t\t\t\t\t\t\t<li class=\"elementor-icon-list-item\">\n\t\t\t\t\t\t\t\t\t\t\t<span class=\"elementor-icon-list-icon\">\n\t\t\t\t\t\t\t<i aria-hidden=\"true\" class=\"fas fa-envelope\"><\/i>\t\t\t\t\t\t<\/span>\n\t\t\t\t\t\t\t\t\t\t<span class=\"elementor-icon-list-text\">contact@cardiologietanger.com<\/span>\n\t\t\t\t\t\t\t\t\t<\/li>\n\t\t\t\t\t\t<\/ul>\n\t\t\t\t<\/div>\n\t\t\t\t<\/div>\n\t\t\t\t\t<\/div>\n\t\t<\/div>\n\t\t\t\t<div class=\"elementor-column elementor-col-50 elementor-inner-column elementor-element elementor-element-2df0fea\" data-id=\"2df0fea\" data-element_type=\"column\">\n\t\t\t<div class=\"elementor-widget-wrap elementor-element-populated\">\n\t\t\t\t\t\t\t\t<div class=\"elementor-element elementor-element-1fd6a28 elementor-widget elementor-widget-heading\" data-id=\"1fd6a28\" data-element_type=\"widget\" data-widget_type=\"heading.default\">\n\t\t\t\t<div class=\"elementor-widget-container\">\n\t\t\t<h2 class=\"elementor-heading-title elementor-size-default\">\u0644\u0644\u0625\u062a\u0635\u0627\u0644 \u0627\u0644\u0633\u0631\u064a\u0639<\/h2>\t\t<\/div>\n\t\t\t\t<\/div>\n\t\t\t\t<div class=\"elementor-element elementor-element-72132e9 elementor-widget__width-initial elementor-widget-mobile__width-initial elementor-widget elementor-widget-wpforms\" data-id=\"72132e9\" data-element_type=\"widget\" data-widget_type=\"wpforms.default\">\n\t\t\t\t<div class=\"elementor-widget-container\">\n\t\t\t<div class=\"wpforms-container\" id=\"wpforms-1147\"><form id=\"wpforms-form-1147\" class=\"wpforms-validate wpforms-form\" data-formid=\"1147\" method=\"post\" enctype=\"multipart\/form-data\" action=\"\/ar\/wp-json\/wp\/v2\/pages\/10\" data-token=\"53948dbb0d1b293bf555a4f8c93219e3\" data-trp-original-action=\"\/ar\/wp-json\/wp\/v2\/pages\/10\"><noscript class=\"wpforms-error-noscript\">Please enable JavaScript in your browser to complete this form.<\/noscript><div class=\"wpforms-field-container\"><div id=\"wpforms-1147-field_0-container\" class=\"wpforms-field wpforms-field-name\" data-field-id=\"0\"><label class=\"wpforms-field-label\" for=\"wpforms-1147-field_0\">\u0627\u0644\u0625\u0633\u0645 \u0627\u0644\u0643\u0627\u0645\u0644 <span class=\"wpforms-required-label\">*<\/span><\/label><input type=\"text\" id=\"wpforms-1147-field_0\" class=\"wpforms-field-large wpforms-field-required\" name=\"wpforms[fields][0]\" required><\/div><div id=\"wpforms-1147-field_5-container\" class=\"wpforms-field wpforms-field-number\" data-field-id=\"5\"><label class=\"wpforms-field-label\" for=\"wpforms-1147-field_5\">\u0631\u0642\u0645 \u0627\u0644\u0647\u0627\u062a\u0641 <span class=\"wpforms-required-label\">*<\/span><\/label><input type=\"number\" pattern=\"\\d*\" id=\"wpforms-1147-field_5\" class=\"wpforms-field-medium wpforms-field-required\" name=\"wpforms[fields][5]\" required><\/div><div id=\"wpforms-1147-field_1-container\" class=\"wpforms-field wpforms-field-email\" data-field-id=\"1\"><label class=\"wpforms-field-label\" for=\"wpforms-1147-field_1\">\u0627\u0644\u0628\u0631\u064a\u062f \u0627\u0644\u0625\u0644\u0643\u062a\u0631\u0648\u0646\u064a <span class=\"wpforms-required-label\">*<\/span><\/label><input type=\"email\" id=\"wpforms-1147-field_1\" class=\"wpforms-field-large wpforms-field-required\" name=\"wpforms[fields][1]\" required><\/div><div id=\"wpforms-1147-field_4-container\" class=\"wpforms-field wpforms-field-text\" data-field-id=\"4\"><label class=\"wpforms-field-label\" for=\"wpforms-1147-field_4\">\u0627\u0644\u0645\u0648\u0636\u0648\u0639 <span class=\"wpforms-required-label\">*<\/span><\/label><input type=\"text\" id=\"wpforms-1147-field_4\" class=\"wpforms-field-large wpforms-field-required\" name=\"wpforms[fields][4]\" required><\/div><div id=\"wpforms-1147-field_2-container\" class=\"wpforms-field wpforms-field-textarea\" data-field-id=\"2\"><label class=\"wpforms-field-label\" for=\"wpforms-1147-field_2\">\u0631\u0633\u0627\u0644\u062a\u0643\u0645 <span class=\"wpforms-required-label\">*<\/span><\/label><textarea id=\"wpforms-1147-field_2\" class=\"wpforms-field-large wpforms-field-required\" name=\"wpforms[fields][2]\" required><\/textarea><\/div><\/div><div class=\"wpforms-field wpforms-field-hp\"><label for=\"wpforms-1147-field-hp\" class=\"wpforms-field-label\">Website<\/label><input type=\"text\" name=\"wpforms[hp]\" id=\"wpforms-1147-field-hp\" class=\"wpforms-field-medium\"><\/div><div class=\"wpforms-submit-container\" ><input type=\"hidden\" name=\"wpforms[id]\" value=\"1147\"><input type=\"hidden\" name=\"wpforms[author]\" value=\"1\"><button type=\"submit\" name=\"wpforms[submit]\" class=\"wpforms-submit\" id=\"wpforms-submit-1147\" value=\"wpforms-submit\" aria-live=\"assertive\" data-alt-text=\"Envoi...\" data-submit-text=\"Envoyez\">\u0625\u0628\u0639\u062b<\/button><\/div><input type=\"hidden\" name=\"trp-form-language\" value=\"ar\"\/><\/form><\/div>  <!-- .wpforms-container -->\t\t<\/div>\n\t\t\t\t<\/div>\n\t\t\t\t\t<\/div>\n\t\t<\/div>\n\t\t\t\t\t\t\t<\/div>\n\t\t<\/section>\n\t\t\t\t\t<\/div>\n\t\t<\/div>\n\t\t\t\t\t\t\t<\/div>\n\t\t<\/section>\n\t\t\t\t\t\t<\/div>\n\t\t\t\t\t<\/div>","protected":false},"excerpt":{"rendered":"<p>Contact ADRESSE45 Boulevard Mohammed 5, N\u00b04 au 1er \u00e9tage.90000 Tanger.(En face de Bank Al Maghrib) Nous sommes id\u00e9alement situ\u00e9s au Boulevard Mohammed V, \u00e0 l\u2019immeuble 45 juste en face de Bank AL maghrib et du Magasin Marwa. L\u2019entr\u00e9e est situ\u00e9e entre caf\u00e9 Narjiss et restaurant Tarek cham. En voitures, Vous pouvez vous arr\u00eater \u00e0 l\u2019entr\u00e9e &hellip;<\/p>\n<p class=\"read-more\"> <a class=\"\" href=\"https:\/\/cardiologietanger.com\/ar\/contact\/\"> <span class=\"screen-reader-text\">\u0627\u0644\u0625\u062a\u0635\u0627\u0644<\/span> Read More &raquo;<\/a><\/p>","protected":false},"author":1,"featured_media":0,"parent":0,"menu_order":0,"comment_status":"closed","ping_status":"closed","template":"","meta":[],"_links":{"self":[{"href":"https:\/\/cardiologietanger.com\/ar\/wp-json\/wp\/v2\/pages\/10"}],"collection":[{"href":"https:\/\/cardiologietanger.com\/ar\/wp-json\/wp\/v2\/pages"}],"about":[{"href":"https:\/\/cardiologietanger.com\/ar\/wp-json\/wp\/v2\/types\/page"}],"author":[{"embeddable":true,"href":"https:\/\/cardiologietanger.com\/ar\/wp-json\/wp\/v2\/users\/1"}],"replies":[{"embeddable":true,"href":"https:\/\/cardiologietanger.com\/ar\/wp-json\/wp\/v2\/comments?post=10"}],"version-history":[{"count":95,"href":"https:\/\/cardiologietanger.com\/ar\/wp-json\/wp\/v2\/pages\/10\/revisions"}],"predecessor-version":[{"id":2236,"href":"https:\/\/cardiologietanger.com\/ar\/wp-json\/wp\/v2\/pages\/10\/revisions\/2236"}],"wp:attachment":[{"href":"https:\/\/cardiologietanger.com\/ar\/wp-json\/wp\/v2\/media?parent=10"}],"curies":[{"name":"wp","href":"https:\/\/api.w.org\/{rel}","templated":true}]}}