{"id":1151,"date":"2018-11-26T12:45:57","date_gmt":"2018-11-26T11:45:57","guid":{"rendered":"http:\/\/cardiologietanger.com\/about\/"},"modified":"2021-05-09T00:56:50","modified_gmt":"2021-05-08T23:56:50","slug":"about","status":"publish","type":"page","link":"https:\/\/cardiologietanger.com\/ar\/about\/","title":{"rendered":"Sui sommes-nous?"},"content":{"rendered":"<div data-elementor-type=\"wp-post\" data-elementor-id=\"1151\" class=\"elementor elementor-1151\" data-elementor-settings=\"[]\">\n\t\t\t\t\t\t\t<div class=\"elementor-section-wrap\">\n\t\t\t\t\t\t\t<section class=\"elementor-section elementor-top-section elementor-element elementor-element-688ad38 elementor-section-content-middle elementor-section-full_width elementor-section-height-full elementor-section-height-default elementor-section-items-middle\" data-id=\"688ad38\" data-element_type=\"section\" data-settings=\"{&quot;background_background&quot;:&quot;classic&quot;}\">\n\t\t\t\t\t\t\t<div class=\"elementor-background-overlay\"><\/div>\n\t\t\t\t\t\t\t<div class=\"elementor-container elementor-column-gap-no\">\n\t\t\t\t\t<div class=\"elementor-column elementor-col-100 elementor-top-column elementor-element elementor-element-148e58a\" data-id=\"148e58a\" data-element_type=\"column\">\n\t\t\t<div class=\"elementor-widget-wrap elementor-element-populated\">\n\t\t\t\t\t\t\t\t<div class=\"elementor-element elementor-element-d915ffa elementor-widget elementor-widget-heading\" data-id=\"d915ffa\" data-element_type=\"widget\" data-widget_type=\"heading.default\">\n\t\t\t\t<div class=\"elementor-widget-container\">\n\t\t\t<h1 class=\"elementor-heading-title elementor-size-default\"><a href=\"http:\/\/About\">\u0645\u0646 \u0646\u062d\u0646\u061f<\/a><\/h1>\t\t<\/div>\n\t\t\t\t<\/div>\n\t\t\t\t\t<\/div>\n\t\t<\/div>\n\t\t\t\t\t\t\t<\/div>\n\t\t<\/section>\n\t\t\t\t<section class=\"elementor-section elementor-top-section elementor-element elementor-element-303906c elementor-section-content-top elementor-section-boxed elementor-section-height-default elementor-section-height-default\" data-id=\"303906c\" data-element_type=\"section\">\n\t\t\t\t\t\t<div class=\"elementor-container elementor-column-gap-no\">\n\t\t\t\t\t<div class=\"elementor-column elementor-col-50 elementor-top-column elementor-element elementor-element-79e7669\" data-id=\"79e7669\" data-element_type=\"column\">\n\t\t\t<div class=\"elementor-widget-wrap elementor-element-populated\">\n\t\t\t\t\t\t\t\t<div class=\"elementor-element elementor-element-1d5d9a8 elementor-widget elementor-widget-text-editor\" data-id=\"1d5d9a8\" data-element_type=\"widget\" data-widget_type=\"text-editor.default\">\n\t\t\t\t<div class=\"elementor-widget-container\">\n\t\t\t\t\t<div class=\"elementor-text-editor elementor-clearfix\"><p>\u0646\u062d\u0646 \u0645\u0631\u0643\u0632 \u0645\u062a\u062e\u0635\u0635 \u0641\u064a \u0627\u0644\u0648\u0642\u0627\u064a\u0629 \u0648\u0627\u0644\u062a\u0634\u062e\u064a\u0635 \u0648\u0627\u0644\u0639\u0644\u0627\u062c \u0645\u0646 \u0623\u0645\u0631\u0627\u0636 \u0627\u0644\u0642\u0644\u0628 \u0648\u0627\u0644\u0623\u0648\u0639\u064a\u0629 \u0627\u0644\u062f\u0645\u0648\u064a\u0629 \u0639\u0646\u062f \u0627\u0644\u0623\u0637\u0641\u0627\u0644 \u0648 \u0627\u0644\u0628\u0627\u0644\u063a\u064a\u0646.  \u0646\u062d\u0646 \u0642\u0627\u062f\u0631\u0648\u0646 \u0639\u0644\u0649 \u062a\u0642\u062f\u064a\u0645 \u0645\u062c\u0645\u0648\u0639\u0629 \u0643\u0627\u0645\u0644\u0629 \u0645\u0646 \u0627\u0644\u062e\u062f\u0645\u0627\u062a \u0641\u064a \u0645\u062c\u0627\u0644 \u0623\u0645\u0631\u0627\u0636 \u0627\u0644\u0642\u0644\u0628 \u0648\u0627\u0644\u0623\u0648\u0639\u064a\u0629 \u0627\u0644\u062f\u0645\u0648\u064a\u0629 \u0645\u0646 \u062e\u0644\u0627\u0644 \u0627\u0633\u062a\u062e\u062f\u0627\u0645 \u0623\u062d\u062f\u062b \u0627\u0644\u062a\u0642\u0646\u064a\u0627\u062a \u0648\u0645\u0639\u062f\u0627\u062a \u0639\u0627\u0644\u064a\u0629 \u0627\u0644\u062c\u0648\u062f\u0629 \u0648\u0633\u0646\u0648\u0627\u062a \u0645\u0646 \u0627\u0644\u062e\u0628\u0631\u0629.<\/p><p>\u0639\u0644\u0649 \u0627\u0644\u0631\u063a\u0645 \u0645\u0646 \u0627\u0643\u062a\u0633\u0627\u0628 \u0627\u0644\u0645\u0633\u062a\u0634\u0641\u0649 \u0644\u0646\u0645\u0648\u0630\u062c \u0627\u0644\u0645\u0642\u0627\u0648\u0644\u0629 \u0643\u0645\u0646\u0647\u062c \u0644\u0644\u0639\u0645\u0644 \u060c \u0641\u0625\u0646\u0646\u0627 \u0646\u0641\u0636\u0644 \u0627\u062a\u0628\u0627\u0639 \u0646\u0647\u062c \u0623\u0643\u062b\u0631 \u0634\u062e\u0635\u064a\u0627 \u0644\u0644\u0639\u0644\u0627\u0642\u0629 \u0628\u064a\u0646 \u0627\u0644\u0637\u0628\u064a\u0628 \u0648\u0627\u0644\u0645\u0631\u064a\u0636 \u0648\u0627\u0644\u0630\u064a \u060c \u0641\u064a \u0631\u0623\u064a\u0646\u0627 \u060c \u064a\u0648\u0641\u0631 \u0648\u0644\u0648\u062c\u0627 \u0623\u0641\u0636\u0644 \u0644\u0644\u062e\u062f\u0645\u0627\u062a \u0627\u0644\u0635\u062d\u064a\u0629 \u0648 \u0631\u0639\u0627\u064a\u0629 \u0623\u0641\u0636\u0644 \u0639\u0644\u0649 \u0639\u0643\u0633 \u0627\u0644\u0645\u0645\u0627\u0631\u0633\u0627\u062a \u0648\u0627\u0644\u062e\u062f\u0645\u0627\u062a \u0627\u0644\u0645\u0642\u062f\u0645\u0629 \u0641\u064a \u0627\u0644\u0645\u0633\u062a\u0634\u0641\u064a\u0627\u062a .<br \/>\u0644\u0627 \u064a\u0648\u0641\u0631 \u0646\u0645\u0648\u0630\u062c\u0646\u0627 \u0622\u0644\u0645\u0633\u062a\u0642\u0644 \u0625\u0645\u0643\u0627\u0646\u064a\u0629 \u0648\u0644\u0648\u062c \u0623\u0641\u0636\u0644 \u0644\u0644\u062e\u062f\u0645\u0627\u062a \u0627\u0644\u0635\u062d\u064a\u0629  \u0641\u062d\u0633\u0628 \u060c \u0628\u0644 \u064a\u0648\u0641\u0631 \u0623\u064a\u0636\u064b\u0627 \u062a\u0648\u0641\u064a\u0631\u0627 \u0641\u064a \u0627\u0644\u062a\u0643\u0627\u0644\u064a\u0641 .<\/p><p style=\"text-align: center;\">\u0646\u062d\u0646 \u0645\u0648\u062c\u0648\u062f\u0648\u0646 \u0641\u064a \u0634\u0627\u0631\u0639 \u0645\u062d\u0645\u062f \u0627\u0644\u062e\u0627\u0645\u0633 \u0623\u0645\u0627\u0645 \u0628\u0646\u0643 \u0627\u0644\u0645\u063a\u0631\u0628 \u0648\u0639\u0644\u0649 \u0645\u0642\u0631\u0628\u0629 \u0645\u0646 \u0645\u0648\u0642\u0641 \u0627\u0644\u0633\u064a\u0627\u0631\u0627\u062a \u0627\u0644\u062a\u062d\u062a \u0623\u0631\u0636\u064a \u0628\u0633\u0627\u062d\u0629 \u0627\u0644\u0623\u0645\u0645. \u0644\u062e\u062f\u0645\u0629 \u0645\u0631\u0636\u0627\u0646\u0627 \u0628\u0634\u0643\u0644 \u0623\u0641\u0636\u0644\u060c \u0646\u062a\u0648\u0641\u0631 \u0623\u064a\u0636\u0627 \u0639\u0644\u0649 \u0627\u0644\u0639\u062f\u064a\u062f \u0645\u0646 \u0627\u0644\u0627\u0646\u062a\u0645\u0627\u0623\u062a \u0644\u0644\u0645\u0633\u062a\u0634\u0641\u064a\u0627\u062a \u0648 \u0627\u0644\u0645\u0635\u062d\u0627\u062a. \u064a\u0644\u062a\u0632\u0645 \u0645\u0648\u0638\u0641\u0648\u0646\u0627 \u0630\u0648 \u0627\u0644\u062e\u0628\u0631\u0629 \u0628\u062a\u0648\u0641\u064a\u0631 \u0631\u0639\u0627\u064a\u0629 \u0634\u0627\u0645\u0644\u0629 \u0639\u0627\u0644\u064a\u0629 \u0627\u0644\u062c\u0648\u062f\u0629 \u0644\u0623\u0645\u0631\u0627\u0636 \u0627\u0644\u0642\u0644\u0628 \u0648\u0627\u0644\u0623\u0648\u0639\u064a\u0629 \u0627\u0644\u062f\u0645\u0648\u064a\u0629 \u0628\u0637\u0631\u064a\u0642\u0629 \u0634\u062e\u0635\u064a\u0629 \u0648\u0645\u0647\u0646\u064a\u0629 \u0648\u0631\u062d\u064a\u0645\u0629. \u0644\u0627 \u062a\u062a\u0631\u062f\u062f \u0641\u064a \u0627\u0644\u0627\u062a\u0635\u0627\u0644 \u0628\u0646\u0627 \u0625\u0630\u0627 \u0643\u0646\u062a \u0628\u062d\u0627\u062c\u0629 \u0625\u0644\u0649 \u0631\u0639\u0627\u064a\u0629 \u0642\u0644\u0628\u0643.<\/p><\/div>\n\t\t\t\t<\/div>\n\t\t\t\t<\/div>\n\t\t\t\t\t<\/div>\n\t\t<\/div>\n\t\t\t\t<div class=\"elementor-column elementor-col-50 elementor-top-column elementor-element elementor-element-d067b90\" data-id=\"d067b90\" data-element_type=\"column\">\n\t\t\t<div class=\"elementor-widget-wrap elementor-element-populated\">\n\t\t\t\t\t\t\t\t<div class=\"elementor-element elementor-element-8dcaa0f elementor-widget elementor-widget-image\" data-id=\"8dcaa0f\" data-element_type=\"widget\" data-widget_type=\"image.default\">\n\t\t\t\t<div class=\"elementor-widget-container\">\n\t\t\t\t\t<div class=\"elementor-image\">\n\t\t\t\t\t\t\t\t\t\t<img width=\"300\" height=\"225\" src=\"https:\/\/cardiologietanger.com\/wp-content\/uploads\/2021\/04\/amine-logo-trans-300x225.png\" class=\"attachment-medium size-medium\" alt=\"\" loading=\"lazy\" srcset=\"https:\/\/cardiologietanger.com\/wp-content\/uploads\/2021\/04\/amine-logo-trans-300x225.png 300w, https:\/\/cardiologietanger.com\/wp-content\/uploads\/2021\/04\/amine-logo-trans-1024x767.png 1024w, https:\/\/cardiologietanger.com\/wp-content\/uploads\/2021\/04\/amine-logo-trans-768x576.png 768w, https:\/\/cardiologietanger.com\/wp-content\/uploads\/2021\/04\/amine-logo-trans-1536x1151.png 1536w, https:\/\/cardiologietanger.com\/wp-content\/uploads\/2021\/04\/amine-logo-trans-2048x1535.png 2048w\" sizes=\"(max-width: 300px) 100vw, 300px\" \/>\t\t\t\t\t\t\t\t\t\t\t<\/div>\n\t\t\t\t<\/div>\n\t\t\t\t<\/div>\n\t\t\t\t\t<\/div>\n\t\t<\/div>\n\t\t\t\t\t\t\t<\/div>\n\t\t<\/section>\n\t\t\t\t\t\t<\/div>\n\t\t\t\t\t<\/div>","protected":false},"excerpt":{"rendered":"<p>Qui sommes-nous? Nous sommes un centre sp\u00e9cialis\u00e9 dans la pr\u00e9vention, le diagnostic et le traitement des maladies du c\u0153ur et des vaisseaux de l\u2019adule et de l\u2019enfant. \u00a0Nous sommes en mesure de fournir une gamme compl\u00e8te de services cardiovasculaires gr\u00e2ce \u00e0 l&rsquo;utilisation d&rsquo;une technologie de pointe, d&rsquo;un \u00e9quipement de qualit\u00e9 et des ann\u00e9es d&rsquo;exp\u00e9rience. A &hellip;<\/p>\n<p class=\"read-more\"> <a class=\"\" href=\"https:\/\/cardiologietanger.com\/ar\/about\/\"> <span class=\"screen-reader-text\">Sui sommes-nous?<\/span> Read More &raquo;<\/a><\/p>","protected":false},"author":1,"featured_media":0,"parent":0,"menu_order":0,"comment_status":"closed","ping_status":"closed","template":"","meta":[],"_links":{"self":[{"href":"https:\/\/cardiologietanger.com\/ar\/wp-json\/wp\/v2\/pages\/1151"}],"collection":[{"href":"https:\/\/cardiologietanger.com\/ar\/wp-json\/wp\/v2\/pages"}],"about":[{"href":"https:\/\/cardiologietanger.com\/ar\/wp-json\/wp\/v2\/types\/page"}],"author":[{"embeddable":true,"href":"https:\/\/cardiologietanger.com\/ar\/wp-json\/wp\/v2\/users\/1"}],"replies":[{"embeddable":true,"href":"https:\/\/cardiologietanger.com\/ar\/wp-json\/wp\/v2\/comments?post=1151"}],"version-history":[{"count":39,"href":"https:\/\/cardiologietanger.com\/ar\/wp-json\/wp\/v2\/pages\/1151\/revisions"}],"predecessor-version":[{"id":2149,"href":"https:\/\/cardiologietanger.com\/ar\/wp-json\/wp\/v2\/pages\/1151\/revisions\/2149"}],"wp:attachment":[{"href":"https:\/\/cardiologietanger.com\/ar\/wp-json\/wp\/v2\/media?parent=1151"}],"curies":[{"name":"wp","href":"https:\/\/api.w.org\/{rel}","templated":true}]}}